{"id":126,"date":"2025-11-19T18:12:39","date_gmt":"2025-11-19T18:12:39","guid":{"rendered":"https:\/\/vishnuglobal.org\/?page_id=126"},"modified":"2025-11-23T21:19:50","modified_gmt":"2025-11-23T21:19:50","slug":"our-team","status":"publish","type":"page","link":"https:\/\/vishnuglobal.org\/?page_id=126","title":{"rendered":"Our Team"},"content":{"rendered":"<p>[et_pb_section fb_built=&#8221;1&#8243; admin_label=&#8221;Team&#8221; _builder_version=&#8221;4.18.0&#8243; _module_preset=&#8221;default&#8221; locked=&#8221;off&#8221; collapsed=&#8221;on&#8221; global_colors_info=&#8221;{}&#8221;][et_pb_row _builder_version=&#8221;4.18.0&#8243; _module_preset=&#8221;5138c454-be54-4233-bd3b-f8e6a8747976&#8243; locked=&#8221;off&#8221; global_colors_info=&#8221;{}&#8221;][et_pb_column type=&#8221;4_4&#8243; _builder_version=&#8221;4.17.1&#8243; _module_preset=&#8221;73121f80-a3ef-4484-8763-c3f18e3c56d2&#8243;][et_pb_heading title=&#8221;Meet Our Dedicated Team&#8221; _builder_version=&#8221;4.27.4&#8243; _module_preset=&#8221;c33f07d9-41e0-421a-8799-5799df695cce&#8221; title_font=&#8221;Playfair Display|Playfair Display_weight|||||||&#8221; title_text_color=&#8221;gcid-5c8cf0f0-e16c-4fb4-830d-0e2307a7b801&#8243; title_line_height=&#8221;1.2em&#8221; custom_margin=&#8221;||10px||false|false&#8221; hover_enabled=&#8221;0&#8243; title_font_size_tablet=&#8221;28px&#8221; title_font_size_phone=&#8221;20px&#8221; global_colors_info=&#8221;{%22gcid-5c8cf0f0-e16c-4fb4-830d-0e2307a7b801%22:%91%22title_text_color%22%93}&#8221; sticky_enabled=&#8221;0&#8243;][\/et_pb_heading][et_pb_text quote_border_color=&#8221;#57cc99&#8243; _builder_version=&#8221;4.27.4&#8243; _module_preset=&#8221;2c55a9c4-feed-423b-9edb-ae0b5b365cac&#8221; text_font=&#8221;Arial|700|||||||&#8221; text_text_color=&#8221;gcid-12a4b5c6-e0d7-463a-ae6d-47f06b1c6f0d&#8221; text_line_height=&#8221;1.75em&#8221; link_font=&#8221;|Source Sans Pro_weight|||||||&#8221; link_text_color=&#8221;#22577a&#8221; quote_font=&#8221;Playfair Display|Playfair Display_weight|||||||&#8221; quote_text_color=&#8221;#0e0c19&#8243; header_font=&#8221;Playfair Display|Playfair Display_weight|||||||&#8221; header_text_color=&#8221;#0e0c19&#8243; header_font_size=&#8221;72px&#8221; header_line_height=&#8221;1.15em&#8221; header_2_font=&#8221;Playfair Display|Playfair Display_weight|||||||&#8221; header_2_text_color=&#8221;#0e0c19&#8243; header_2_line_height=&#8221;1.2em&#8221; header_3_font=&#8221;Playfair Display|Playfair Display_weight|||||||&#8221; header_3_text_color=&#8221;#0e0c19&#8243; header_3_font_size=&#8221;32px&#8221; header_4_font=&#8221;Playfair Display|Playfair Display_weight|||||||&#8221; header_4_text_color=&#8221;#0e0c19&#8243; header_4_font_size=&#8221;24px&#8221; header_4_line_height=&#8221;1.4em&#8221; header_5_font=&#8221;Playfair Display|Playfair Display_weight|||||||&#8221; header_5_text_color=&#8221;#0e0c19&#8243; header_5_font_size=&#8221;18px&#8221; header_6_font=&#8221;Playfair Display|Playfair Display_weight|||||||&#8221; header_6_text_color=&#8221;#0e0c19&#8243; header_6_font_size=&#8221;14px&#8221; header_6_line_height=&#8221;1.5em&#8221; text_orientation=&#8221;center&#8221; max_width=&#8221;800px&#8221; module_alignment=&#8221;center&#8221; custom_margin=&#8221;||||false|false&#8221; hover_enabled=&#8221;0&#8243; text_font_size_tablet=&#8221;15px&#8221; text_font_size_phone=&#8221;14px&#8221; text_font_size_last_edited=&#8221;on|phone&#8221; header_font_size_tablet=&#8221;40px&#8221; header_font_size_phone=&#8221;24px&#8221; header_2_font_size_tablet=&#8221;28px&#8221; header_2_font_size_phone=&#8221;20px&#8221; header_3_font_size_tablet=&#8221;22px&#8221; header_3_font_size_phone=&#8221;17px&#8221; header_4_font_size_tablet=&#8221;18px&#8221; header_4_font_size_phone=&#8221;15px&#8221; header_4_font_size_last_edited=&#8221;on|tablet&#8221; header_5_font_size_tablet=&#8221;15px&#8221; header_5_font_size_phone=&#8221;14px&#8221; header_5_font_size_last_edited=&#8221;on|desktop&#8221; header_6_font_size_tablet=&#8221;13px&#8221; header_6_font_size_phone=&#8221;13px&#8221; locked=&#8221;off&#8221; global_colors_info=&#8221;{%22gcid-primary-color%22:%91%22quote_text_color%22%93,%22gcid-12a4b5c6-e0d7-463a-ae6d-47f06b1c6f0d%22:%91%22text_text_color%22%93}&#8221; sticky_enabled=&#8221;0&#8243;]<\/p>\n<p>Our team is committed to realizing the vision of Vishnu Global, bringing together diverse talents and a shared passion for service.<\/p>\n<p>[\/et_pb_text][\/et_pb_column][\/et_pb_row][et_pb_row column_structure=&#8221;1_3,1_3,1_3&#8243; _builder_version=&#8221;4.23&#8243; _module_preset=&#8221;5138c454-be54-4233-bd3b-f8e6a8747976&#8243; global_colors_info=&#8221;{}&#8221;][et_pb_column type=&#8221;1_3&#8243; _builder_version=&#8221;4.17.1&#8243; _module_preset=&#8221;73121f80-a3ef-4484-8763-c3f18e3c56d2&#8243;][et_pb_team_member name=&#8221;HariCharan P. Reddy, MD&#8221; position=&#8221;Founder &#038; President&#8221; image_url=&#8221;https:\/\/vishnuglobal.org\/wp-content\/uploads\/2025\/11\/Haricharan-P.-Reddy_crop-3.jpg&#8221; icon_color=&#8221;#22577a&#8221; _builder_version=&#8221;4.27.4&#8243; _module_preset=&#8221;d72acfcc-77a9-4562-9787-281e412bdede&#8221; header_font=&#8221;Playfair Display|Playfair Display_weight|||||||&#8221; header_text_color=&#8221;gcid-5c8cf0f0-e16c-4fb4-830d-0e2307a7b801&#8243; header_font_size=&#8221;18px&#8221; header_line_height=&#8221;1.3em&#8221; body_font=&#8221;Arial|500|||||||&#8221; body_text_color=&#8221;gcid-12a4b5c6-e0d7-463a-ae6d-47f06b1c6f0d&#8221; body_line_height=&#8221;1.75em&#8221; position_font=&#8221;Playfair Display|Source Sans Pro_weight|||||||&#8221; position_text_color=&#8221;#7C1C10&#8243; body_link_text_color=&#8221;#22577a&#8221; text_orientation=&#8221;center&#8221; min_height=&#8221;360.4px&#8221; custom_padding=&#8221;20px|20px|20px|20px|true|true&#8221; hover_enabled=&#8221;0&#8243; header_font_size_tablet=&#8221;16px&#8221; header_font_size_phone=&#8221;&#8221; header_font_size_last_edited=&#8221;on|desktop&#8221; body_font_size_tablet=&#8221;15px&#8221; body_font_size_phone=&#8221;14px&#8221; body_font_size_last_edited=&#8221;on|tablet&#8221; custom_css_member_image=&#8221;margin: 0 auto 20px;&#8221; border_radii=&#8221;on|6px|6px|6px|6px&#8221; border_radii_image=&#8221;on|400px|400px|400px|400px&#8221; box_shadow_style=&#8221;preset1&#8243; box_shadow_vertical=&#8221;24px&#8221; box_shadow_blur=&#8221;72px&#8221; box_shadow_spread=&#8221;-12px&#8221; box_shadow_color=&#8221;rgba(0,0,0,0.12)&#8221; locked=&#8221;off&#8221; inline_fonts=&#8221;Arial&#8221; global_colors_info=&#8221;{%22gcid-primary-color%22:%91%22body_quote_text_color%22,%22body_quote_text_color%22%93,%22gcid-36fd78a7-34bc-404d-873c-dafa34efaae5%22:%91%22icon_color%22,%22icon_color%22,%22icon_color%22,%22icon_color%22,%22icon_color%22,%22icon_color%22,%22icon_color%22,%22icon_color%22,%22icon_color%22,%22icon_color%22,%22icon_color%22,%22icon_color%22,%22icon_color%22,%22icon_color%22,%22icon_color%22,%22icon_color%22,%22icon_color%22,%22icon_color%22,%22icon_color%22,%22icon_color%22,%22icon_color%22,%22icon_color%22,%22icon_color%22,%22icon_color%22,%22icon_color%22,%22icon_color%22,%22icon_color%22,%22icon_color%22,%22icon_color%22,%22icon_color%22,%22icon_color%22,%22icon_color%22,%22icon_color%22,%22icon_color%22,%22icon_color%22,%22icon_color%22,%22icon_color%22,%22icon_color%22,%22icon_color%22,%22icon_color%22%93,%22gcid-79b39b81-644f-4ab7-865f-b460373c4fde%22:%91%22position_text_color%22,%22position_text_color%22,%22position_text_color%22,%22position_text_color%22%93,%22gcid-5c8cf0f0-e16c-4fb4-830d-0e2307a7b801%22:%91%22header_text_color%22%93,%22gcid-12a4b5c6-e0d7-463a-ae6d-47f06b1c6f0d%22:%91%22body_text_color%22%93}&#8221; sticky_enabled=&#8221;0&#8243;]<\/p>\n<p><span style=\"font-family: Arial; font-weight: normal;\">HariCharan, is the founder of Vishnu Global. With a profound dedication to spiritual service, he established the organization to unite people in service to \u015ar\u012bman N\u0101r\u0101ya\u1e47a. His leadership is grounded in his devotion as a disciple of \u015ar\u012b \u015ar\u012b \u015ar\u012b Trida\u1e47\u1e0di \u015ar\u012bman N\u0101r\u0101ya\u1e47a J\u012byar Sw\u0101miji, and he is committed to fostering global harmony through temple restoration, cultural enrichment, and service to all forms of life.<\/span><\/p>\n<p>[\/et_pb_team_member][\/et_pb_column][et_pb_column type=&#8221;1_3&#8243; _builder_version=&#8221;4.17.1&#8243; _module_preset=&#8221;73121f80-a3ef-4484-8763-c3f18e3c56d2&#8243;][et_pb_team_member name=&#8221;Pranamya Suri, MD&#8221; position=&#8221;Treasurer&#8221; image_url=&#8221;https:\/\/vishnuglobal.org\/wp-content\/uploads\/2025\/11\/Pranamya-Pranamya-Suri-1.jpg&#8221; icon_color=&#8221;#22577a&#8221; _builder_version=&#8221;4.27.4&#8243; _module_preset=&#8221;d72acfcc-77a9-4562-9787-281e412bdede&#8221; header_font=&#8221;Playfair Display|700|||||||&#8221; header_text_color=&#8221;gcid-5c8cf0f0-e16c-4fb4-830d-0e2307a7b801&#8243; header_font_size=&#8221;18px&#8221; header_line_height=&#8221;1.3em&#8221; body_font=&#8221;Arial|500|||||||&#8221; body_text_color=&#8221;gcid-12a4b5c6-e0d7-463a-ae6d-47f06b1c6f0d&#8221; body_line_height=&#8221;1.75em&#8221; position_font=&#8221;Playfair Display|Source Sans Pro_weight|||||||&#8221; position_text_color=&#8221;gcid-5c8cf0f0-e16c-4fb4-830d-0e2307a7b801&#8243; body_link_text_color=&#8221;#22577a&#8221; text_orientation=&#8221;center&#8221; min_height=&#8221;402.3px&#8221; custom_padding=&#8221;20px|20px|20px|20px|true|true&#8221; hover_enabled=&#8221;0&#8243; header_font_size_tablet=&#8221;16px&#8221; header_font_size_phone=&#8221;&#8221; header_font_size_last_edited=&#8221;on|desktop&#8221; body_font_size_tablet=&#8221;15px&#8221; body_font_size_phone=&#8221;14px&#8221; body_font_size_last_edited=&#8221;on|tablet&#8221; custom_css_member_image=&#8221;margin: 0 auto 20px;&#8221; border_radii=&#8221;on|6px|6px|6px|6px&#8221; border_radii_image=&#8221;on|400px|400px|400px|400px&#8221; box_shadow_style=&#8221;preset1&#8243; box_shadow_vertical=&#8221;24px&#8221; box_shadow_blur=&#8221;72px&#8221; box_shadow_spread=&#8221;-12px&#8221; box_shadow_color=&#8221;rgba(0,0,0,0.12)&#8221; locked=&#8221;off&#8221; inline_fonts=&#8221;Arial&#8221; global_colors_info=&#8221;{%22gcid-primary-color%22:%91%22body_quote_text_color%22,%22body_quote_text_color%22,%22body_quote_text_color%22%93,%22gcid-36fd78a7-34bc-404d-873c-dafa34efaae5%22:%91%22icon_color%22,%22icon_color%22,%22icon_color%22,%22icon_color%22,%22icon_color%22,%22icon_color%22,%22icon_color%22,%22icon_color%22,%22icon_color%22,%22icon_color%22,%22icon_color%22,%22icon_color%22,%22icon_color%22,%22icon_color%22,%22icon_color%22,%22icon_color%22,%22icon_color%22,%22icon_color%22,%22icon_color%22,%22icon_color%22,%22icon_color%22,%22icon_color%22,%22icon_color%22,%22icon_color%22,%22icon_color%22,%22icon_color%22,%22icon_color%22,%22icon_color%22,%22icon_color%22,%22icon_color%22,%22icon_color%22,%22icon_color%22,%22icon_color%22,%22icon_color%22,%22icon_color%22,%22icon_color%22,%22icon_color%22,%22icon_color%22,%22icon_color%22,%22icon_color%22%93,%22gcid-5c8cf0f0-e16c-4fb4-830d-0e2307a7b801%22:%91%22header_text_color%22,%22position_text_color%22%93,%22gcid-12a4b5c6-e0d7-463a-ae6d-47f06b1c6f0d%22:%91%22body_text_color%22%93}&#8221; sticky_enabled=&#8221;0&#8243;]<\/p>\n<p><span style=\"font-family: Arial;\">Pranamya, a devoted disciple of \u015ar\u012b \u015ar\u012b \u015ar\u012b Trida\u1e47\u1e0di \u015ar\u012bman N\u0101r\u0101ya\u1e47a J\u012byar Sw\u0101miji, joined the team to help achieve the mission of unity and compassion. Being a Kuchipu\u1e0di artist, her focus is on communicating through and preserving the arts.<\/span><\/p>\n<p>[\/et_pb_team_member][\/et_pb_column][et_pb_column type=&#8221;1_3&#8243; _builder_version=&#8221;4.17.1&#8243; _module_preset=&#8221;73121f80-a3ef-4484-8763-c3f18e3c56d2&#8243;][et_pb_team_member name=&#8221;Krishna Madhavan, PhD&#8221; position=&#8221;Director&#8221; image_url=&#8221;https:\/\/vishnuglobal.org\/wp-content\/uploads\/2025\/11\/unnamed-9.jpg&#8221; icon_color=&#8221;#22577a&#8221; _builder_version=&#8221;4.27.4&#8243; _module_preset=&#8221;d72acfcc-77a9-4562-9787-281e412bdede&#8221; header_font=&#8221;Playfair Display|700|||||||&#8221; header_text_color=&#8221;gcid-5c8cf0f0-e16c-4fb4-830d-0e2307a7b801&#8243; header_font_size=&#8221;18px&#8221; header_line_height=&#8221;1.3em&#8221; body_font=&#8221;Arial|500|||||||&#8221; body_text_color=&#8221;gcid-12a4b5c6-e0d7-463a-ae6d-47f06b1c6f0d&#8221; body_line_height=&#8221;1.75em&#8221; position_font=&#8221;Playfair Display|Source Sans Pro_weight|||||||&#8221; position_text_color=&#8221;gcid-5c8cf0f0-e16c-4fb4-830d-0e2307a7b801&#8243; body_link_text_color=&#8221;#22577a&#8221; text_orientation=&#8221;center&#8221; custom_padding=&#8221;20px|20px|20px|20px|true|true&#8221; hover_enabled=&#8221;0&#8243; header_font_size_tablet=&#8221;16px&#8221; header_font_size_phone=&#8221;&#8221; header_font_size_last_edited=&#8221;on|desktop&#8221; body_font_size_tablet=&#8221;15px&#8221; body_font_size_phone=&#8221;14px&#8221; body_font_size_last_edited=&#8221;on|tablet&#8221; custom_css_member_image=&#8221;margin: 0 auto 20px;&#8221; border_radii=&#8221;on|6px|6px|6px|6px&#8221; border_radii_image=&#8221;on|400px|400px|400px|400px&#8221; box_shadow_style=&#8221;preset1&#8243; box_shadow_vertical=&#8221;24px&#8221; box_shadow_blur=&#8221;72px&#8221; box_shadow_spread=&#8221;-12px&#8221; box_shadow_color=&#8221;rgba(0,0,0,0.12)&#8221; locked=&#8221;off&#8221; global_colors_info=&#8221;{%22gcid-primary-color%22:%91%22body_quote_text_color%22,%22body_quote_text_color%22,%22body_quote_text_color%22%93,%22gcid-36fd78a7-34bc-404d-873c-dafa34efaae5%22:%91%22icon_color%22,%22icon_color%22,%22icon_color%22,%22icon_color%22,%22icon_color%22,%22icon_color%22,%22icon_color%22,%22icon_color%22,%22icon_color%22,%22icon_color%22,%22icon_color%22,%22icon_color%22,%22icon_color%22,%22icon_color%22,%22icon_color%22,%22icon_color%22,%22icon_color%22,%22icon_color%22,%22icon_color%22,%22icon_color%22,%22icon_color%22,%22icon_color%22,%22icon_color%22,%22icon_color%22,%22icon_color%22,%22icon_color%22,%22icon_color%22,%22icon_color%22,%22icon_color%22,%22icon_color%22,%22icon_color%22,%22icon_color%22,%22icon_color%22,%22icon_color%22,%22icon_color%22,%22icon_color%22,%22icon_color%22,%22icon_color%22,%22icon_color%22,%22icon_color%22%93,%22gcid-5c8cf0f0-e16c-4fb4-830d-0e2307a7b801%22:%91%22header_text_color%22,%22position_text_color%22%93,%22gcid-12a4b5c6-e0d7-463a-ae6d-47f06b1c6f0d%22:%91%22body_text_color%22%93}&#8221; sticky_enabled=&#8221;0&#8243;][\/et_pb_team_member][\/et_pb_column][\/et_pb_row][\/et_pb_section]<\/p>\n","protected":false},"excerpt":{"rendered":"<p>Our team is committed to realizing the vision of Vishnu Global, bringing together diverse talents and a shared passion for service.HariCharan, is the founder of Vishnu Global. With a profound dedication to spiritual service, he established the organization to unite people in service to \u015ar\u012bman N\u0101r\u0101ya\u1e47a. His leadership is grounded in his devotion as a [&hellip;]<\/p>\n","protected":false},"author":1,"featured_media":0,"parent":0,"menu_order":0,"comment_status":"closed","ping_status":"closed","template":"","meta":{"_et_pb_use_builder":"on","_et_pb_old_content":"","_et_gb_content_width":"","footnotes":""},"class_list":["post-126","page","type-page","status-publish","hentry"],"yoast_head":"<!-- This site is optimized with the Yoast SEO plugin v27.5 - https:\/\/yoast.com\/product\/yoast-seo-wordpress\/ -->\n<title>Our Team - Vishnu Global<\/title>\n<meta name=\"robots\" content=\"index, follow, max-snippet:-1, max-image-preview:large, max-video-preview:-1\" \/>\n<link rel=\"canonical\" href=\"https:\/\/vishnuglobal.org\/?page_id=126\" \/>\n<meta property=\"og:locale\" content=\"en_US\" \/>\n<meta property=\"og:type\" content=\"article\" \/>\n<meta property=\"og:title\" content=\"Our Team - Vishnu Global\" \/>\n<meta property=\"og:description\" content=\"Our team is committed to realizing the vision of Vishnu Global, bringing together diverse talents and a shared passion for service.HariCharan, is the founder of Vishnu Global. With a profound dedication to spiritual service, he established the organization to unite people in service to \u015ar\u012bman N\u0101r\u0101ya\u1e47a. His leadership is grounded in his devotion as a [&hellip;]\" \/>\n<meta property=\"og:url\" content=\"https:\/\/vishnuglobal.org\/?page_id=126\" \/>\n<meta property=\"og:site_name\" content=\"Vishnu Global\" \/>\n<meta property=\"article:publisher\" content=\"https:\/\/www.facebook.com\/share\/1AQvR8PLma\/?mibextid=wwXIfr\" \/>\n<meta property=\"article:modified_time\" content=\"2025-11-23T21:19:50+00:00\" \/>\n<meta name=\"twitter:card\" content=\"summary_large_image\" \/>\n<meta name=\"twitter:label1\" content=\"Est. reading time\" \/>\n\t<meta name=\"twitter:data1\" content=\"3 minutes\" \/>\n<script type=\"application\/ld+json\" class=\"yoast-schema-graph\">{\"@context\":\"https:\\\/\\\/schema.org\",\"@graph\":[{\"@type\":\"WebPage\",\"@id\":\"https:\\\/\\\/vishnuglobal.org\\\/?page_id=126\",\"url\":\"https:\\\/\\\/vishnuglobal.org\\\/?page_id=126\",\"name\":\"Our Team - Vishnu Global\",\"isPartOf\":{\"@id\":\"https:\\\/\\\/vishnuglobal.org\\\/#website\"},\"datePublished\":\"2025-11-19T18:12:39+00:00\",\"dateModified\":\"2025-11-23T21:19:50+00:00\",\"breadcrumb\":{\"@id\":\"https:\\\/\\\/vishnuglobal.org\\\/?page_id=126#breadcrumb\"},\"inLanguage\":\"en-US\",\"potentialAction\":[{\"@type\":\"ReadAction\",\"target\":[\"https:\\\/\\\/vishnuglobal.org\\\/?page_id=126\"]}]},{\"@type\":\"BreadcrumbList\",\"@id\":\"https:\\\/\\\/vishnuglobal.org\\\/?page_id=126#breadcrumb\",\"itemListElement\":[{\"@type\":\"ListItem\",\"position\":1,\"name\":\"Home\",\"item\":\"https:\\\/\\\/vishnuglobal.org\\\/\"},{\"@type\":\"ListItem\",\"position\":2,\"name\":\"Our Team\"}]},{\"@type\":\"WebSite\",\"@id\":\"https:\\\/\\\/vishnuglobal.org\\\/#website\",\"url\":\"https:\\\/\\\/vishnuglobal.org\\\/\",\"name\":\"Vishnu Global\",\"description\":\"\",\"publisher\":{\"@id\":\"https:\\\/\\\/vishnuglobal.org\\\/#organization\"},\"potentialAction\":[{\"@type\":\"SearchAction\",\"target\":{\"@type\":\"EntryPoint\",\"urlTemplate\":\"https:\\\/\\\/vishnuglobal.org\\\/?s={search_term_string}\"},\"query-input\":{\"@type\":\"PropertyValueSpecification\",\"valueRequired\":true,\"valueName\":\"search_term_string\"}}],\"inLanguage\":\"en-US\"},{\"@type\":\"Organization\",\"@id\":\"https:\\\/\\\/vishnuglobal.org\\\/#organization\",\"name\":\"Vishnu Global\",\"url\":\"https:\\\/\\\/vishnuglobal.org\\\/\",\"logo\":{\"@type\":\"ImageObject\",\"inLanguage\":\"en-US\",\"@id\":\"https:\\\/\\\/vishnuglobal.org\\\/#\\\/schema\\\/logo\\\/image\\\/\",\"url\":\"https:\\\/\\\/vishnuglobal.org\\\/wp-content\\\/uploads\\\/2025\\\/11\\\/Design-scaled.jpg\",\"contentUrl\":\"https:\\\/\\\/vishnuglobal.org\\\/wp-content\\\/uploads\\\/2025\\\/11\\\/Design-scaled.jpg\",\"width\":2560,\"height\":2560,\"caption\":\"Vishnu Global\"},\"image\":{\"@id\":\"https:\\\/\\\/vishnuglobal.org\\\/#\\\/schema\\\/logo\\\/image\\\/\"},\"sameAs\":[\"https:\\\/\\\/www.facebook.com\\\/share\\\/1AQvR8PLma\\\/?mibextid=wwXIfr\"]}]}<\/script>\n<!-- \/ Yoast SEO plugin. -->","yoast_head_json":{"title":"Our Team - Vishnu Global","robots":{"index":"index","follow":"follow","max-snippet":"max-snippet:-1","max-image-preview":"max-image-preview:large","max-video-preview":"max-video-preview:-1"},"canonical":"https:\/\/vishnuglobal.org\/?page_id=126","og_locale":"en_US","og_type":"article","og_title":"Our Team - Vishnu Global","og_description":"Our team is committed to realizing the vision of Vishnu Global, bringing together diverse talents and a shared passion for service.HariCharan, is the founder of Vishnu Global. With a profound dedication to spiritual service, he established the organization to unite people in service to \u015ar\u012bman N\u0101r\u0101ya\u1e47a. His leadership is grounded in his devotion as a [&hellip;]","og_url":"https:\/\/vishnuglobal.org\/?page_id=126","og_site_name":"Vishnu Global","article_publisher":"https:\/\/www.facebook.com\/share\/1AQvR8PLma\/?mibextid=wwXIfr","article_modified_time":"2025-11-23T21:19:50+00:00","twitter_card":"summary_large_image","twitter_misc":{"Est. reading time":"3 minutes"},"schema":{"@context":"https:\/\/schema.org","@graph":[{"@type":"WebPage","@id":"https:\/\/vishnuglobal.org\/?page_id=126","url":"https:\/\/vishnuglobal.org\/?page_id=126","name":"Our Team - Vishnu Global","isPartOf":{"@id":"https:\/\/vishnuglobal.org\/#website"},"datePublished":"2025-11-19T18:12:39+00:00","dateModified":"2025-11-23T21:19:50+00:00","breadcrumb":{"@id":"https:\/\/vishnuglobal.org\/?page_id=126#breadcrumb"},"inLanguage":"en-US","potentialAction":[{"@type":"ReadAction","target":["https:\/\/vishnuglobal.org\/?page_id=126"]}]},{"@type":"BreadcrumbList","@id":"https:\/\/vishnuglobal.org\/?page_id=126#breadcrumb","itemListElement":[{"@type":"ListItem","position":1,"name":"Home","item":"https:\/\/vishnuglobal.org\/"},{"@type":"ListItem","position":2,"name":"Our Team"}]},{"@type":"WebSite","@id":"https:\/\/vishnuglobal.org\/#website","url":"https:\/\/vishnuglobal.org\/","name":"Vishnu Global","description":"","publisher":{"@id":"https:\/\/vishnuglobal.org\/#organization"},"potentialAction":[{"@type":"SearchAction","target":{"@type":"EntryPoint","urlTemplate":"https:\/\/vishnuglobal.org\/?s={search_term_string}"},"query-input":{"@type":"PropertyValueSpecification","valueRequired":true,"valueName":"search_term_string"}}],"inLanguage":"en-US"},{"@type":"Organization","@id":"https:\/\/vishnuglobal.org\/#organization","name":"Vishnu Global","url":"https:\/\/vishnuglobal.org\/","logo":{"@type":"ImageObject","inLanguage":"en-US","@id":"https:\/\/vishnuglobal.org\/#\/schema\/logo\/image\/","url":"https:\/\/vishnuglobal.org\/wp-content\/uploads\/2025\/11\/Design-scaled.jpg","contentUrl":"https:\/\/vishnuglobal.org\/wp-content\/uploads\/2025\/11\/Design-scaled.jpg","width":2560,"height":2560,"caption":"Vishnu Global"},"image":{"@id":"https:\/\/vishnuglobal.org\/#\/schema\/logo\/image\/"},"sameAs":["https:\/\/www.facebook.com\/share\/1AQvR8PLma\/?mibextid=wwXIfr"]}]}},"_links":{"self":[{"href":"https:\/\/vishnuglobal.org\/index.php?rest_route=\/wp\/v2\/pages\/126","targetHints":{"allow":["GET"]}}],"collection":[{"href":"https:\/\/vishnuglobal.org\/index.php?rest_route=\/wp\/v2\/pages"}],"about":[{"href":"https:\/\/vishnuglobal.org\/index.php?rest_route=\/wp\/v2\/types\/page"}],"author":[{"embeddable":true,"href":"https:\/\/vishnuglobal.org\/index.php?rest_route=\/wp\/v2\/users\/1"}],"replies":[{"embeddable":true,"href":"https:\/\/vishnuglobal.org\/index.php?rest_route=%2Fwp%2Fv2%2Fcomments&post=126"}],"version-history":[{"count":9,"href":"https:\/\/vishnuglobal.org\/index.php?rest_route=\/wp\/v2\/pages\/126\/revisions"}],"predecessor-version":[{"id":322,"href":"https:\/\/vishnuglobal.org\/index.php?rest_route=\/wp\/v2\/pages\/126\/revisions\/322"}],"wp:attachment":[{"href":"https:\/\/vishnuglobal.org\/index.php?rest_route=%2Fwp%2Fv2%2Fmedia&parent=126"}],"curies":[{"name":"wp","href":"https:\/\/api.w.org\/{rel}","templated":true}]}}