{"id":987508331,"date":"2025-11-24T17:53:38","date_gmt":"2025-11-24T17:53:38","guid":{"rendered":"https:\/\/vishnuglobal.org\/?page_id=987508331"},"modified":"2025-11-24T17:57:31","modified_gmt":"2025-11-24T17:57:31","slug":"community","status":"publish","type":"page","link":"https:\/\/vishnuglobal.org\/?page_id=987508331","title":{"rendered":"Community Upliftment"},"content":{"rendered":"<p>[et_pb_section fb_built=&#8221;1&#8243; theme_builder_area=&#8221;post_content&#8221; _builder_version=&#8221;4.27.4&#8243; _module_preset=&#8221;default&#8221;][et_pb_row _builder_version=&#8221;4.27.4&#8243; _module_preset=&#8221;default&#8221; theme_builder_area=&#8221;post_content&#8221;][et_pb_column _builder_version=&#8221;4.27.4&#8243; _module_preset=&#8221;default&#8221; type=&#8221;4_4&#8243; theme_builder_area=&#8221;post_content&#8221;][et_pb_heading title=&#8221;Community Upliftment&#8221; _builder_version=&#8221;4.27.4&#8243; _module_preset=&#8221;default&#8221; theme_builder_area=&#8221;post_content&#8221; hover_enabled=&#8221;0&#8243; sticky_enabled=&#8221;0&#8243;][\/et_pb_heading][\/et_pb_column][\/et_pb_row][et_pb_row _builder_version=&#8221;4.27.4&#8243; _module_preset=&#8221;default&#8221; theme_builder_area=&#8221;post_content&#8221; column_structure=&#8221;1_2,1_2&#8243;][et_pb_column _builder_version=&#8221;4.27.4&#8243; _module_preset=&#8221;default&#8221; type=&#8221;1_2&#8243; theme_builder_area=&#8221;post_content&#8221;][et_pb_text _builder_version=&#8221;4.27.4&#8243; _module_preset=&#8221;default&#8221; theme_builder_area=&#8221;post_content&#8221; text_font=&#8221;Arial||||||||&#8221; global_colors_info=&#8221;{%22gcid-primary-color%22:%91%22quote_text_color%22,%22quote_text_color%22%93,%22gcid-12a4b5c6-e0d7-463a-ae6d-47f06b1c6f0d%22:%91%22text_text_color%22%93}&#8221; text_text_color=&#8221;gcid-12a4b5c6-e0d7-463a-ae6d-47f06b1c6f0d&#8221; text_font_size=&#8221;19px&#8221; hover_enabled=&#8221;0&#8243; sticky_enabled=&#8221;0&#8243;]<\/p>\n<p>One of the deepest values that guides us is the belief that <strong data-start=\"221\" data-end=\"240\">\u015ar\u012bman N\u0101r\u0101ya\u1e47a<\/strong> lives in every being. With this understanding, we seek to unite hearts and serve ALL beings, recognizing that helping others is an act of devotion itself. In this spirit, we set out to support the rural Gurukulams (Vedic schools) of \u015ar\u012b Chinna J\u012byar Sv\u0101miji by ensuring that students have access to clean, safe drinking water.<\/p>\n<div>Through the generous coordination of <a href=\"http:\/\/www.echoesofindia.com\"><strong data-start=\"600\" data-end=\"619\">Echoes of India<\/strong><\/a>, a dedicated nonprofit organization, we were able to sponsor the installation of <strong data-start=\"701\" data-end=\"725\">reverse osmosis (RO)<\/strong> water purification plants at two Gurukulams.<\/div>\n<ul>\n<li>In <strong data-start=\"774\" data-end=\"790\">January 2024<\/strong>, an RO plant was installed at <strong data-start=\"821\" data-end=\"863\">J\u012byar Gurukulam, Allampalli, Telangana.<\/strong><\/li>\n<li>On <strong data-start=\"872\" data-end=\"889\">June 12, 2025<\/strong>, another was established at <strong data-start=\"918\" data-end=\"959\">J\u012byar Gurukulam, Birsaipet, Telangana<\/strong>.<\/li>\n<\/ul>\n<p>Seeing the smiles of the students and knowing their well-being is protected fills our hearts with gratitude. We hope to continue serving more communities in the years ahead.<\/p>\n<div><\/div>\n<div><\/div>\n<div>If you have ideas or wish to join us in this journey of service, we\u2019d love to hear from you at <span><strong><a href=\"mailto:info@vishnuglobal.org\">info@vishnuglobal.org<\/a><\/strong><\/span>.<\/div>\n<div><\/div>\n<p>&nbsp;<\/p>\n<p>[\/et_pb_text][\/et_pb_column][et_pb_column _builder_version=&#8221;4.27.4&#8243; _module_preset=&#8221;default&#8221; type=&#8221;1_2&#8243; theme_builder_area=&#8221;post_content&#8221;][et_pb_image src=&#8221;https:\/\/vishnuglobal.org\/wp-content\/uploads\/2025\/11\/IMG_5613.jpg&#8221; _builder_version=&#8221;4.27.4&#8243; _module_preset=&#8221;default&#8221; theme_builder_area=&#8221;post_content&#8221; title_text=&#8221;IMG_5613&#8243; hover_enabled=&#8221;0&#8243; sticky_enabled=&#8221;0&#8243;][\/et_pb_image][\/et_pb_column][\/et_pb_row][\/et_pb_section]<\/p>\n","protected":false},"excerpt":{"rendered":"<p>One of the deepest values that guides us is the belief that \u015ar\u012bman N\u0101r\u0101ya\u1e47a lives in every being. With this understanding, we seek to unite hearts and serve ALL beings, recognizing that helping others is an act of devotion itself. In this spirit, we set out to support the rural Gurukulams (Vedic schools) of \u015ar\u012b [&hellip;]<\/p>\n","protected":false},"author":1,"featured_media":0,"parent":0,"menu_order":0,"comment_status":"closed","ping_status":"closed","template":"","meta":{"_et_pb_use_builder":"on","_et_pb_old_content":"","_et_gb_content_width":"","footnotes":""},"class_list":["post-987508331","page","type-page","status-publish","hentry"],"yoast_head":"<!-- This site is optimized with the Yoast SEO plugin v27.5 - https:\/\/yoast.com\/product\/yoast-seo-wordpress\/ -->\n<title>Community Upliftment - Vishnu Global<\/title>\n<meta name=\"robots\" content=\"index, follow, max-snippet:-1, max-image-preview:large, max-video-preview:-1\" \/>\n<link rel=\"canonical\" href=\"https:\/\/vishnuglobal.org\/?page_id=987508331\" \/>\n<meta property=\"og:locale\" content=\"en_US\" \/>\n<meta property=\"og:type\" content=\"article\" \/>\n<meta property=\"og:title\" content=\"Community Upliftment - Vishnu Global\" \/>\n<meta property=\"og:description\" content=\"One of the deepest values that guides us is the belief that \u015ar\u012bman N\u0101r\u0101ya\u1e47a lives in every being. With this understanding, we seek to unite hearts and serve ALL beings, recognizing that helping others is an act of devotion itself. In this spirit, we set out to support the rural Gurukulams (Vedic schools) of \u015ar\u012b [&hellip;]\" \/>\n<meta property=\"og:url\" content=\"https:\/\/vishnuglobal.org\/?page_id=987508331\" \/>\n<meta property=\"og:site_name\" content=\"Vishnu Global\" \/>\n<meta property=\"article:publisher\" content=\"https:\/\/www.facebook.com\/share\/1AQvR8PLma\/?mibextid=wwXIfr\" \/>\n<meta property=\"article:modified_time\" content=\"2025-11-24T17:57:31+00:00\" \/>\n<meta name=\"twitter:card\" content=\"summary_large_image\" \/>\n<script type=\"application\/ld+json\" class=\"yoast-schema-graph\">{\"@context\":\"https:\\\/\\\/schema.org\",\"@graph\":[{\"@type\":\"WebPage\",\"@id\":\"https:\\\/\\\/vishnuglobal.org\\\/?page_id=987508331\",\"url\":\"https:\\\/\\\/vishnuglobal.org\\\/?page_id=987508331\",\"name\":\"Community Upliftment - Vishnu Global\",\"isPartOf\":{\"@id\":\"https:\\\/\\\/vishnuglobal.org\\\/#website\"},\"datePublished\":\"2025-11-24T17:53:38+00:00\",\"dateModified\":\"2025-11-24T17:57:31+00:00\",\"breadcrumb\":{\"@id\":\"https:\\\/\\\/vishnuglobal.org\\\/?page_id=987508331#breadcrumb\"},\"inLanguage\":\"en-US\",\"potentialAction\":[{\"@type\":\"ReadAction\",\"target\":[\"https:\\\/\\\/vishnuglobal.org\\\/?page_id=987508331\"]}]},{\"@type\":\"BreadcrumbList\",\"@id\":\"https:\\\/\\\/vishnuglobal.org\\\/?page_id=987508331#breadcrumb\",\"itemListElement\":[{\"@type\":\"ListItem\",\"position\":1,\"name\":\"Home\",\"item\":\"https:\\\/\\\/vishnuglobal.org\\\/\"},{\"@type\":\"ListItem\",\"position\":2,\"name\":\"Community Upliftment\"}]},{\"@type\":\"WebSite\",\"@id\":\"https:\\\/\\\/vishnuglobal.org\\\/#website\",\"url\":\"https:\\\/\\\/vishnuglobal.org\\\/\",\"name\":\"Vishnu Global\",\"description\":\"\",\"publisher\":{\"@id\":\"https:\\\/\\\/vishnuglobal.org\\\/#organization\"},\"potentialAction\":[{\"@type\":\"SearchAction\",\"target\":{\"@type\":\"EntryPoint\",\"urlTemplate\":\"https:\\\/\\\/vishnuglobal.org\\\/?s={search_term_string}\"},\"query-input\":{\"@type\":\"PropertyValueSpecification\",\"valueRequired\":true,\"valueName\":\"search_term_string\"}}],\"inLanguage\":\"en-US\"},{\"@type\":\"Organization\",\"@id\":\"https:\\\/\\\/vishnuglobal.org\\\/#organization\",\"name\":\"Vishnu Global\",\"url\":\"https:\\\/\\\/vishnuglobal.org\\\/\",\"logo\":{\"@type\":\"ImageObject\",\"inLanguage\":\"en-US\",\"@id\":\"https:\\\/\\\/vishnuglobal.org\\\/#\\\/schema\\\/logo\\\/image\\\/\",\"url\":\"https:\\\/\\\/vishnuglobal.org\\\/wp-content\\\/uploads\\\/2025\\\/11\\\/Design-scaled.jpg\",\"contentUrl\":\"https:\\\/\\\/vishnuglobal.org\\\/wp-content\\\/uploads\\\/2025\\\/11\\\/Design-scaled.jpg\",\"width\":2560,\"height\":2560,\"caption\":\"Vishnu Global\"},\"image\":{\"@id\":\"https:\\\/\\\/vishnuglobal.org\\\/#\\\/schema\\\/logo\\\/image\\\/\"},\"sameAs\":[\"https:\\\/\\\/www.facebook.com\\\/share\\\/1AQvR8PLma\\\/?mibextid=wwXIfr\"]}]}<\/script>\n<!-- \/ Yoast SEO plugin. -->","yoast_head_json":{"title":"Community Upliftment - Vishnu Global","robots":{"index":"index","follow":"follow","max-snippet":"max-snippet:-1","max-image-preview":"max-image-preview:large","max-video-preview":"max-video-preview:-1"},"canonical":"https:\/\/vishnuglobal.org\/?page_id=987508331","og_locale":"en_US","og_type":"article","og_title":"Community Upliftment - Vishnu Global","og_description":"One of the deepest values that guides us is the belief that \u015ar\u012bman N\u0101r\u0101ya\u1e47a lives in every being. With this understanding, we seek to unite hearts and serve ALL beings, recognizing that helping others is an act of devotion itself. In this spirit, we set out to support the rural Gurukulams (Vedic schools) of \u015ar\u012b [&hellip;]","og_url":"https:\/\/vishnuglobal.org\/?page_id=987508331","og_site_name":"Vishnu Global","article_publisher":"https:\/\/www.facebook.com\/share\/1AQvR8PLma\/?mibextid=wwXIfr","article_modified_time":"2025-11-24T17:57:31+00:00","twitter_card":"summary_large_image","schema":{"@context":"https:\/\/schema.org","@graph":[{"@type":"WebPage","@id":"https:\/\/vishnuglobal.org\/?page_id=987508331","url":"https:\/\/vishnuglobal.org\/?page_id=987508331","name":"Community Upliftment - Vishnu Global","isPartOf":{"@id":"https:\/\/vishnuglobal.org\/#website"},"datePublished":"2025-11-24T17:53:38+00:00","dateModified":"2025-11-24T17:57:31+00:00","breadcrumb":{"@id":"https:\/\/vishnuglobal.org\/?page_id=987508331#breadcrumb"},"inLanguage":"en-US","potentialAction":[{"@type":"ReadAction","target":["https:\/\/vishnuglobal.org\/?page_id=987508331"]}]},{"@type":"BreadcrumbList","@id":"https:\/\/vishnuglobal.org\/?page_id=987508331#breadcrumb","itemListElement":[{"@type":"ListItem","position":1,"name":"Home","item":"https:\/\/vishnuglobal.org\/"},{"@type":"ListItem","position":2,"name":"Community Upliftment"}]},{"@type":"WebSite","@id":"https:\/\/vishnuglobal.org\/#website","url":"https:\/\/vishnuglobal.org\/","name":"Vishnu Global","description":"","publisher":{"@id":"https:\/\/vishnuglobal.org\/#organization"},"potentialAction":[{"@type":"SearchAction","target":{"@type":"EntryPoint","urlTemplate":"https:\/\/vishnuglobal.org\/?s={search_term_string}"},"query-input":{"@type":"PropertyValueSpecification","valueRequired":true,"valueName":"search_term_string"}}],"inLanguage":"en-US"},{"@type":"Organization","@id":"https:\/\/vishnuglobal.org\/#organization","name":"Vishnu Global","url":"https:\/\/vishnuglobal.org\/","logo":{"@type":"ImageObject","inLanguage":"en-US","@id":"https:\/\/vishnuglobal.org\/#\/schema\/logo\/image\/","url":"https:\/\/vishnuglobal.org\/wp-content\/uploads\/2025\/11\/Design-scaled.jpg","contentUrl":"https:\/\/vishnuglobal.org\/wp-content\/uploads\/2025\/11\/Design-scaled.jpg","width":2560,"height":2560,"caption":"Vishnu Global"},"image":{"@id":"https:\/\/vishnuglobal.org\/#\/schema\/logo\/image\/"},"sameAs":["https:\/\/www.facebook.com\/share\/1AQvR8PLma\/?mibextid=wwXIfr"]}]}},"_links":{"self":[{"href":"https:\/\/vishnuglobal.org\/index.php?rest_route=\/wp\/v2\/pages\/987508331","targetHints":{"allow":["GET"]}}],"collection":[{"href":"https:\/\/vishnuglobal.org\/index.php?rest_route=\/wp\/v2\/pages"}],"about":[{"href":"https:\/\/vishnuglobal.org\/index.php?rest_route=\/wp\/v2\/types\/page"}],"author":[{"embeddable":true,"href":"https:\/\/vishnuglobal.org\/index.php?rest_route=\/wp\/v2\/users\/1"}],"replies":[{"embeddable":true,"href":"https:\/\/vishnuglobal.org\/index.php?rest_route=%2Fwp%2Fv2%2Fcomments&post=987508331"}],"version-history":[{"count":4,"href":"https:\/\/vishnuglobal.org\/index.php?rest_route=\/wp\/v2\/pages\/987508331\/revisions"}],"predecessor-version":[{"id":987508337,"href":"https:\/\/vishnuglobal.org\/index.php?rest_route=\/wp\/v2\/pages\/987508331\/revisions\/987508337"}],"wp:attachment":[{"href":"https:\/\/vishnuglobal.org\/index.php?rest_route=%2Fwp%2Fv2%2Fmedia&parent=987508331"}],"curies":[{"name":"wp","href":"https:\/\/api.w.org\/{rel}","templated":true}]}}