{"id":987508408,"date":"2026-04-05T12:36:31","date_gmt":"2026-04-05T12:36:31","guid":{"rendered":"https:\/\/vishnuglobal.org\/?page_id=987508408"},"modified":"2026-04-05T12:36:31","modified_gmt":"2026-04-05T12:36:31","slug":"kumbhabhi%e1%b9%a3ekam-of-sri-varagu%e1%b9%87ama%e1%b9%85gai-nattham-divya-desam","status":"publish","type":"page","link":"https:\/\/vishnuglobal.org\/?page_id=987508408","title":{"rendered":"Kumbh\u0101bhi\u1e63ekam of Sri Varagu\u1e47ama\u1e45gai (Nattham) Divya De\u015bam"},"content":{"rendered":"<p>[et_pb_section fb_built=&#8221;1&#8243; theme_builder_area=&#8221;post_content&#8221; _builder_version=&#8221;4.27.4&#8243; _module_preset=&#8221;default&#8221; da_is_popup=&#8221;off&#8221; da_exit_intent=&#8221;off&#8221; da_has_close=&#8221;on&#8221; da_alt_close=&#8221;off&#8221; da_dark_close=&#8221;off&#8221; da_not_modal=&#8221;on&#8221; da_is_singular=&#8221;off&#8221; da_with_loader=&#8221;off&#8221; da_has_shadow=&#8221;on&#8221; da_disable_devices=&#8221;off|off|off&#8221;][et_pb_row _builder_version=&#8221;4.27.4&#8243; _module_preset=&#8221;default&#8221; global_colors_info=&#8221;{}&#8221; theme_builder_area=&#8221;post_content&#8221;][et_pb_column type=&#8221;4_4&#8243; _builder_version=&#8221;4.27.4&#8243; _module_preset=&#8221;default&#8221; theme_builder_area=&#8221;post_content&#8221;][et_pb_text _builder_version=&#8221;4.27.4&#8243; _module_preset=&#8221;default&#8221; text_font=&#8221;Playfair Display|&#8211;et_global_heading_font_weight|||||||&#8221; text_text_color=&#8221;gcid-5c8cf0f0-e16c-4fb4-830d-0e2307a7b801&#8243; text_font_size=&#8221;50px&#8221; text_line_height=&#8221;1.9em&#8221; header_font=&#8221;Playfair Display||||||||&#8221; global_colors_info=&#8221;{%22gcid-primary-color%22:%91%22quote_text_color%22,%22quote_text_color%22%93,%22gcid-5c8cf0f0-e16c-4fb4-830d-0e2307a7b801%22:%91%22text_text_color%22%93}&#8221; theme_builder_area=&#8221;post_content&#8221;]<\/p>\n<p style=\"text-align: center;\">Support the <strong>Kumbh\u0101bhi\u1e63ekam of Sri Varagu\u1e47ama\u1e45gai (Nattham) Divya De\u015bam<\/strong><\/p>\n<p>[\/et_pb_text][\/et_pb_column][\/et_pb_row][et_pb_row _builder_version=&#8221;4.27.4&#8243; _module_preset=&#8221;default&#8221; global_colors_info=&#8221;{}&#8221; theme_builder_area=&#8221;post_content&#8221;][et_pb_column type=&#8221;4_4&#8243; _builder_version=&#8221;4.27.4&#8243; _module_preset=&#8221;default&#8221; theme_builder_area=&#8221;post_content&#8221;][dnxte_button button_text=&#8221;Donate Here for theKumbh\u0101bhi\u1e63ekam of Sri Varagu\u1e47ama\u1e45gai (Nattham) Divya De\u015bam&#8221; button_link=&#8221;https:\/\/www.zeffy.com\/en-US\/donation-form\/kumbhabhisekam-sri-varaguamagai-nattham-divya-desam&#8221; dnxt_button_alignment=&#8221;center&#8221; btn_icon_color=&#8221;gcid-12a4b5c6-e0d7-463a-ae6d-47f06b1c6f0d&#8221; _builder_version=&#8221;4.27.4&#8243; _module_preset=&#8221;default&#8221; btn_fonts_font=&#8221;Arial|&#8211;et_global_heading_font_weight|||||||&#8221; btn_fonts_text_color=&#8221;#FFFFFF&#8221; background_color=&#8221;gcid-12a4b5c6-e0d7-463a-ae6d-47f06b1c6f0d&#8221; hover_enabled=&#8221;0&#8243; border_radii_btn_border=&#8221;on|37px|37px|37px|37px&#8221; border_color_all_btn_border=&#8221;gcid-12a4b5c6-e0d7-463a-ae6d-47f06b1c6f0d&#8221; global_colors_info=&#8221;{%22gcid-12a4b5c6-e0d7-463a-ae6d-47f06b1c6f0d%22:%91%22border_color_all_btn_border%22,%22btn_icon_color%22,%22background_color%22%93}&#8221; theme_builder_area=&#8221;post_content&#8221; sticky_enabled=&#8221;0&#8243;][\/dnxte_button][\/et_pb_column][\/et_pb_row][et_pb_row column_structure=&#8221;1_2,1_2&#8243; _builder_version=&#8221;4.27.4&#8243; _module_preset=&#8221;default&#8221; global_colors_info=&#8221;{}&#8221; theme_builder_area=&#8221;post_content&#8221;][et_pb_column type=&#8221;1_2&#8243; _builder_version=&#8221;4.27.4&#8243; _module_preset=&#8221;default&#8221; theme_builder_area=&#8221;post_content&#8221;][et_pb_image src=&#8221;https:\/\/vishnuglobal.org\/wp-content\/uploads\/2026\/04\/Varagunamangai2.jpg&#8221; title_text=&#8221;User Comments&#8221; _builder_version=&#8221;4.27.4&#8243; _module_preset=&#8221;default&#8221; hover_enabled=&#8221;0&#8243; global_colors_info=&#8221;{}&#8221; theme_builder_area=&#8221;post_content&#8221; sticky_enabled=&#8221;0&#8243;][\/et_pb_image][et_pb_image src=&#8221;https:\/\/vishnuglobal.org\/wp-content\/uploads\/2026\/04\/43C89638-EB31-4EF9-821E-7752DA816903-1.jpeg&#8221; title_text=&#8221;43C89638-EB31-4EF9-821E-7752DA816903 (1)&#8221; _builder_version=&#8221;4.27.4&#8243; _module_preset=&#8221;default&#8221; hover_enabled=&#8221;0&#8243; global_colors_info=&#8221;{}&#8221; theme_builder_area=&#8221;post_content&#8221; sticky_enabled=&#8221;0&#8243;][\/et_pb_image][et_pb_image src=&#8221;https:\/\/vishnuglobal.org\/wp-content\/uploads\/2026\/04\/4E8A1914-630A-47D3-88E7-765F7CAC2BAE.jpeg&#8221; title_text=&#8221;4E8A1914-630A-47D3-88E7-765F7CAC2BAE&#8221; _builder_version=&#8221;4.27.4&#8243; _module_preset=&#8221;default&#8221; hover_enabled=&#8221;0&#8243; global_colors_info=&#8221;{}&#8221; theme_builder_area=&#8221;post_content&#8221; sticky_enabled=&#8221;0&#8243;][\/et_pb_image][et_pb_image src=&#8221;https:\/\/vishnuglobal.org\/wp-content\/uploads\/2026\/04\/FCA4AAEC-D92D-4A03-B0BE-3B9BE1E6AD95.jpeg&#8221; title_text=&#8221;FCA4AAEC-D92D-4A03-B0BE-3B9BE1E6AD95&#8243; _builder_version=&#8221;4.27.4&#8243; _module_preset=&#8221;default&#8221; hover_enabled=&#8221;0&#8243; global_colors_info=&#8221;{}&#8221; theme_builder_area=&#8221;post_content&#8221; sticky_enabled=&#8221;0&#8243;][\/et_pb_image][et_pb_image src=&#8221;https:\/\/vishnuglobal.org\/wp-content\/uploads\/2026\/04\/685F3051-3FAE-4C70-B2C1-6C85DD28C756.jpeg&#8221; title_text=&#8221;685F3051-3FAE-4C70-B2C1-6C85DD28C756&#8243; _builder_version=&#8221;4.27.4&#8243; _module_preset=&#8221;default&#8221; hover_enabled=&#8221;0&#8243; global_colors_info=&#8221;{}&#8221; theme_builder_area=&#8221;post_content&#8221; sticky_enabled=&#8221;0&#8243;][\/et_pb_image][\/et_pb_column][et_pb_column type=&#8221;1_2&#8243; _builder_version=&#8221;4.27.4&#8243; _module_preset=&#8221;default&#8221; theme_builder_area=&#8221;post_content&#8221;][et_pb_text _builder_version=&#8221;4.27.4&#8243; _module_preset=&#8221;default&#8221; text_font=&#8221;Arial||||||||&#8221; text_text_color=&#8221;gcid-12a4b5c6-e0d7-463a-ae6d-47f06b1c6f0d&#8221; text_font_size=&#8221;22px&#8221; header_text_color=&#8221;gcid-12a4b5c6-e0d7-463a-ae6d-47f06b1c6f0d&#8221; hover_enabled=&#8221;0&#8243; global_colors_info=&#8221;{%22gcid-primary-color%22:%91%22quote_text_color%22,%22quote_text_color%22,%22quote_text_color%22%93,%22gcid-12a4b5c6-e0d7-463a-ae6d-47f06b1c6f0d%22:%91%22header_text_color%22,%22text_text_color%22%93}&#8221; theme_builder_area=&#8221;post_content&#8221; sticky_enabled=&#8221;0&#8243;]<\/p>\n<p><strong>Your offering today supports the Kumbh\u0101bhi\u1e63ekam of Sri Varagu\u1e47ama\u1e45gai (Nattham) Divya De\u015bam<\/strong>, helping preserve this sacred temple as a living place of worship and a home for timeless Vaishnava tradition. \u00a0<\/p>\n<p>&nbsp;<\/p>\n<p>\ud83d\udcc5 Dates: 25 April 2026 \u2013 29 April 2026.\u00a0<\/p>\n<p>\ud83c\udf89 Main Event: 29 April 2026 (9:21\u20139:51 AM)<\/p>\n<p>&nbsp;<\/p>\n<p>Every contribution aids preparations so devotees can continue to gather, chant, and pray here for generations. \u00a0<br \/><strong>Please give as you are able to uphold this spiritual heritage.<\/strong><\/p>\n<p><strong><\/strong><\/p>\n<p data-start=\"41\" data-end=\"414\">The sacred <strong data-start=\"52\" data-end=\"96\">\u015ar\u012b Varagu\u1e47ama\u1e45gai (Nattham) Divya De\u015bam<\/strong>, situated on the banks of the holy T\u0101miraparani River, is revered as a powerful k\u1e63etra for the removal of sins (<em data-start=\"209\" data-end=\"224\">p\u0101pa-vimocana<\/em>) and the attainment of liberation (<em data-start=\"260\" data-end=\"267\">mok\u1e63a<\/em>). The presiding deity, Lord Vi\u1e63\u1e47u, manifests here as <strong data-start=\"321\" data-end=\"343\">Vijay\u0101sana Perum\u0101\u1e37<\/strong>, seated in a majestic posture that signifies divine victory and grace.<\/p>\n<p data-start=\"416\" data-end=\"858\">According to the pur\u0101\u1e47ic tradition, a P\u0101\u1e47\u1e0dya king named Varagu\u1e47a once ruled the region with righteousness and devotion. However, due to karmic consequences\u2014either from a previous birth or from unintended actions\u2014he became burdened with grave sins, often described as <em data-start=\"683\" data-end=\"701\">brahmahaty\u0101 do\u1e63a<\/em>. Despite his power and wealth, the king suffered from deep inner turmoil and spiritual unrest, realizing that worldly means could not relieve his condition.<\/p>\n<p data-start=\"860\" data-end=\"1250\">In search of redemption, Varagu\u1e47a sought guidance from sages, who directed him to the sacred banks of the T\u0101miraparani. There, he undertook intense penance, dedicating himself to the worship of Lord Vi\u1e63\u1e47u. Renouncing royal comforts, he engaged in continuous recitation of divine names, performed yaj\u00f1as and homas, observed fasting, and practiced unwavering devotion with complete surrender.<\/p>\n<p data-start=\"1252\" data-end=\"1628\">Moved by the king\u2019s sincerity and repentance, Lord Vi\u1e63\u1e47u appeared before him at this very site in the form of Vijay\u0101sana Perum\u0101\u1e37. Seated in a regal and serene posture, the Lord revealed that true devotion and repentance have the power to destroy even the gravest sins. By His grace, the king\u2019s karmic burdens were completely removed, and he attained purity of mind and spirit.<\/p>\n<p data-start=\"1630\" data-end=\"1898\">Blessed by the Lord, Varagu\u1e47a ultimately received mok\u1e63a, attaining liberation from the cycle of birth and death. In remembrance of this divine event, the place came to be known as <strong data-start=\"1810\" data-end=\"1828\">Varagu\u1e47ama\u1e45gai<\/strong>, meaning \u201cthe auspicious place where Varagu\u1e47a received divine grace.\u201d<\/p>\n<p data-start=\"1900\" data-end=\"2219\">This legend conveys profound spiritual truths: even unintentional sins can bind the soul, but sincere devotion (<em data-start=\"2012\" data-end=\"2020\">bhakti<\/em>), penance (<em data-start=\"2032\" data-end=\"2039\">tapas<\/em>), and complete surrender (<em data-start=\"2066\" data-end=\"2078\">\u015bara\u1e47\u0101gati<\/em>) lead to redemption. The Lord is celebrated here as the embodiment of compassion, ever ready to uplift those who seek Him with a pure heart.<\/p>\n<p data-start=\"2221\" data-end=\"2596\" data-is-last-node=\"\" data-is-only-node=\"\">\u015ar\u012b Varagu\u1e47ama\u1e45gai is one of the 108 Divya De\u015bams praised in the N\u0101l\u0101yira Divya Prabandham by Namm\u0101\u1e3bv\u0101r and forms part of the Nava Tirupati temples, traditionally associated with Chandra (the Moon). Even today, devotees visit this sacred site seeking relief from sins, inner peace, and spiritual upliftment, firmly believing in the transformative grace of Vijay\u0101sana Perum\u0101\u1e37.<\/p>\n<p>[\/et_pb_text][\/et_pb_column][\/et_pb_row][\/et_pb_section][et_pb_section fb_built=&#8221;1&#8243; theme_builder_area=&#8221;post_content&#8221; _builder_version=&#8221;4.27.4&#8243; _module_preset=&#8221;default&#8221; da_is_popup=&#8221;off&#8221; da_exit_intent=&#8221;off&#8221; da_has_close=&#8221;on&#8221; da_alt_close=&#8221;off&#8221; da_dark_close=&#8221;off&#8221; da_not_modal=&#8221;on&#8221; da_is_singular=&#8221;off&#8221; da_with_loader=&#8221;off&#8221; da_has_shadow=&#8221;on&#8221; da_disable_devices=&#8221;off|off|off&#8221;][et_pb_row _builder_version=&#8221;4.27.4&#8243; _module_preset=&#8221;default&#8221; theme_builder_area=&#8221;post_content&#8221;][et_pb_column _builder_version=&#8221;4.27.4&#8243; _module_preset=&#8221;default&#8221; theme_builder_area=&#8221;post_content&#8221; type=&#8221;4_4&#8243;][\/et_pb_column][\/et_pb_row][\/et_pb_section]<\/p>\n","protected":false},"excerpt":{"rendered":"<p>Support the Kumbh\u0101bhi\u1e63ekam of Sri Varagu\u1e47ama\u1e45gai (Nattham) Divya De\u015bam<div class=\"et_pb_with_border et_pb_module dnxte_button dnxte_button_0\">\n\t\t\t\t\n\t\t\t\t\n\t\t\t\t\n\t\t\t\t\n\t\t\t\t\n\t\t\t\t\n\t\t\t\t<div class=\"et_pb_module_inner\">\n\t\t\t\t\t<div class=\"dnxt-button-wrapper dnxt_button_alignment_center\">\n\t\t\t\t<a class=\"dnxt-btn-icon     \" href=\"https:\/\/www.zeffy.com\/en-US\/donation-form\/kumbhabhisekam-sri-varaguamagai-nattham-divya-desam\" target=\"_self\">Donate Here for theKumbh\u0101bhi\u1e63ekam of Sri Varagu\u1e47ama\u1e45gai (Nattham) Divya De\u015bam<i class=\"\">$<\/i><\/a>\n\t\t\t<\/div>\n\t\t\t\t<\/div>\n\t\t\t<\/div>Your offering today supports the Kumbh\u0101bhi\u1e63ekam of Sri Varagu\u1e47ama\u1e45gai (Nattham) Divya De\u015bam, helping preserve this sacred temple as a living place of worship [&hellip;]<\/p>\n","protected":false},"author":1,"featured_media":0,"parent":0,"menu_order":0,"comment_status":"closed","ping_status":"closed","template":"","meta":{"_et_pb_use_builder":"on","_et_pb_old_content":"","_et_gb_content_width":"","footnotes":""},"class_list":["post-987508408","page","type-page","status-publish","hentry"],"yoast_head":"<!-- This site is optimized with the Yoast SEO plugin v27.3 - https:\/\/yoast.com\/product\/yoast-seo-wordpress\/ -->\n<title>Kumbh\u0101bhi\u1e63ekam of Sri Varagu\u1e47ama\u1e45gai (Nattham) Divya De\u015bam - Vishnu Global<\/title>\n<meta name=\"robots\" content=\"index, follow, max-snippet:-1, max-image-preview:large, max-video-preview:-1\" \/>\n<link rel=\"canonical\" href=\"https:\/\/vishnuglobal.org\/?page_id=987508408\" \/>\n<meta property=\"og:locale\" content=\"en_US\" \/>\n<meta property=\"og:type\" content=\"article\" \/>\n<meta property=\"og:title\" content=\"Kumbh\u0101bhi\u1e63ekam of Sri Varagu\u1e47ama\u1e45gai (Nattham) Divya De\u015bam - Vishnu Global\" \/>\n<meta property=\"og:description\" content=\"Support the Kumbh\u0101bhi\u1e63ekam of Sri Varagu\u1e47ama\u1e45gai (Nattham) Divya De\u015bamYour offering today supports the Kumbh\u0101bhi\u1e63ekam of Sri Varagu\u1e47ama\u1e45gai (Nattham) Divya De\u015bam, helping preserve this sacred temple as a living place of worship [&hellip;]\" \/>\n<meta property=\"og:url\" content=\"https:\/\/vishnuglobal.org\/?page_id=987508408\" \/>\n<meta property=\"og:site_name\" content=\"Vishnu Global\" \/>\n<meta property=\"article:publisher\" content=\"https:\/\/www.facebook.com\/share\/1AQvR8PLma\/?mibextid=wwXIfr\" \/>\n<meta name=\"twitter:card\" content=\"summary_large_image\" \/>\n<script type=\"application\/ld+json\" class=\"yoast-schema-graph\">{\"@context\":\"https:\\\/\\\/schema.org\",\"@graph\":[{\"@type\":\"WebPage\",\"@id\":\"https:\\\/\\\/vishnuglobal.org\\\/?page_id=987508408\",\"url\":\"https:\\\/\\\/vishnuglobal.org\\\/?page_id=987508408\",\"name\":\"Kumbh\u0101bhi\u1e63ekam of Sri Varagu\u1e47ama\u1e45gai (Nattham) Divya De\u015bam - Vishnu Global\",\"isPartOf\":{\"@id\":\"https:\\\/\\\/vishnuglobal.org\\\/#website\"},\"datePublished\":\"2026-04-05T12:36:31+00:00\",\"breadcrumb\":{\"@id\":\"https:\\\/\\\/vishnuglobal.org\\\/?page_id=987508408#breadcrumb\"},\"inLanguage\":\"en-US\",\"potentialAction\":[{\"@type\":\"ReadAction\",\"target\":[\"https:\\\/\\\/vishnuglobal.org\\\/?page_id=987508408\"]}]},{\"@type\":\"BreadcrumbList\",\"@id\":\"https:\\\/\\\/vishnuglobal.org\\\/?page_id=987508408#breadcrumb\",\"itemListElement\":[{\"@type\":\"ListItem\",\"position\":1,\"name\":\"Home\",\"item\":\"https:\\\/\\\/vishnuglobal.org\\\/\"},{\"@type\":\"ListItem\",\"position\":2,\"name\":\"Kumbh\u0101bhi\u1e63ekam of Sri Varagu\u1e47ama\u1e45gai (Nattham) Divya De\u015bam\"}]},{\"@type\":\"WebSite\",\"@id\":\"https:\\\/\\\/vishnuglobal.org\\\/#website\",\"url\":\"https:\\\/\\\/vishnuglobal.org\\\/\",\"name\":\"Vishnu Global\",\"description\":\"\",\"publisher\":{\"@id\":\"https:\\\/\\\/vishnuglobal.org\\\/#organization\"},\"potentialAction\":[{\"@type\":\"SearchAction\",\"target\":{\"@type\":\"EntryPoint\",\"urlTemplate\":\"https:\\\/\\\/vishnuglobal.org\\\/?s={search_term_string}\"},\"query-input\":{\"@type\":\"PropertyValueSpecification\",\"valueRequired\":true,\"valueName\":\"search_term_string\"}}],\"inLanguage\":\"en-US\"},{\"@type\":\"Organization\",\"@id\":\"https:\\\/\\\/vishnuglobal.org\\\/#organization\",\"name\":\"Vishnu Global\",\"url\":\"https:\\\/\\\/vishnuglobal.org\\\/\",\"logo\":{\"@type\":\"ImageObject\",\"inLanguage\":\"en-US\",\"@id\":\"https:\\\/\\\/vishnuglobal.org\\\/#\\\/schema\\\/logo\\\/image\\\/\",\"url\":\"https:\\\/\\\/vishnuglobal.org\\\/wp-content\\\/uploads\\\/2025\\\/11\\\/Design-scaled.jpg\",\"contentUrl\":\"https:\\\/\\\/vishnuglobal.org\\\/wp-content\\\/uploads\\\/2025\\\/11\\\/Design-scaled.jpg\",\"width\":2560,\"height\":2560,\"caption\":\"Vishnu Global\"},\"image\":{\"@id\":\"https:\\\/\\\/vishnuglobal.org\\\/#\\\/schema\\\/logo\\\/image\\\/\"},\"sameAs\":[\"https:\\\/\\\/www.facebook.com\\\/share\\\/1AQvR8PLma\\\/?mibextid=wwXIfr\"]}]}<\/script>\n<!-- \/ Yoast SEO plugin. -->","yoast_head_json":{"title":"Kumbh\u0101bhi\u1e63ekam of Sri Varagu\u1e47ama\u1e45gai (Nattham) Divya De\u015bam - Vishnu Global","robots":{"index":"index","follow":"follow","max-snippet":"max-snippet:-1","max-image-preview":"max-image-preview:large","max-video-preview":"max-video-preview:-1"},"canonical":"https:\/\/vishnuglobal.org\/?page_id=987508408","og_locale":"en_US","og_type":"article","og_title":"Kumbh\u0101bhi\u1e63ekam of Sri Varagu\u1e47ama\u1e45gai (Nattham) Divya De\u015bam - Vishnu Global","og_description":"Support the Kumbh\u0101bhi\u1e63ekam of Sri Varagu\u1e47ama\u1e45gai (Nattham) Divya De\u015bamYour offering today supports the Kumbh\u0101bhi\u1e63ekam of Sri Varagu\u1e47ama\u1e45gai (Nattham) Divya De\u015bam, helping preserve this sacred temple as a living place of worship [&hellip;]","og_url":"https:\/\/vishnuglobal.org\/?page_id=987508408","og_site_name":"Vishnu Global","article_publisher":"https:\/\/www.facebook.com\/share\/1AQvR8PLma\/?mibextid=wwXIfr","twitter_card":"summary_large_image","schema":{"@context":"https:\/\/schema.org","@graph":[{"@type":"WebPage","@id":"https:\/\/vishnuglobal.org\/?page_id=987508408","url":"https:\/\/vishnuglobal.org\/?page_id=987508408","name":"Kumbh\u0101bhi\u1e63ekam of Sri Varagu\u1e47ama\u1e45gai (Nattham) Divya De\u015bam - Vishnu Global","isPartOf":{"@id":"https:\/\/vishnuglobal.org\/#website"},"datePublished":"2026-04-05T12:36:31+00:00","breadcrumb":{"@id":"https:\/\/vishnuglobal.org\/?page_id=987508408#breadcrumb"},"inLanguage":"en-US","potentialAction":[{"@type":"ReadAction","target":["https:\/\/vishnuglobal.org\/?page_id=987508408"]}]},{"@type":"BreadcrumbList","@id":"https:\/\/vishnuglobal.org\/?page_id=987508408#breadcrumb","itemListElement":[{"@type":"ListItem","position":1,"name":"Home","item":"https:\/\/vishnuglobal.org\/"},{"@type":"ListItem","position":2,"name":"Kumbh\u0101bhi\u1e63ekam of Sri Varagu\u1e47ama\u1e45gai (Nattham) Divya De\u015bam"}]},{"@type":"WebSite","@id":"https:\/\/vishnuglobal.org\/#website","url":"https:\/\/vishnuglobal.org\/","name":"Vishnu Global","description":"","publisher":{"@id":"https:\/\/vishnuglobal.org\/#organization"},"potentialAction":[{"@type":"SearchAction","target":{"@type":"EntryPoint","urlTemplate":"https:\/\/vishnuglobal.org\/?s={search_term_string}"},"query-input":{"@type":"PropertyValueSpecification","valueRequired":true,"valueName":"search_term_string"}}],"inLanguage":"en-US"},{"@type":"Organization","@id":"https:\/\/vishnuglobal.org\/#organization","name":"Vishnu Global","url":"https:\/\/vishnuglobal.org\/","logo":{"@type":"ImageObject","inLanguage":"en-US","@id":"https:\/\/vishnuglobal.org\/#\/schema\/logo\/image\/","url":"https:\/\/vishnuglobal.org\/wp-content\/uploads\/2025\/11\/Design-scaled.jpg","contentUrl":"https:\/\/vishnuglobal.org\/wp-content\/uploads\/2025\/11\/Design-scaled.jpg","width":2560,"height":2560,"caption":"Vishnu Global"},"image":{"@id":"https:\/\/vishnuglobal.org\/#\/schema\/logo\/image\/"},"sameAs":["https:\/\/www.facebook.com\/share\/1AQvR8PLma\/?mibextid=wwXIfr"]}]}},"_links":{"self":[{"href":"https:\/\/vishnuglobal.org\/index.php?rest_route=\/wp\/v2\/pages\/987508408","targetHints":{"allow":["GET"]}}],"collection":[{"href":"https:\/\/vishnuglobal.org\/index.php?rest_route=\/wp\/v2\/pages"}],"about":[{"href":"https:\/\/vishnuglobal.org\/index.php?rest_route=\/wp\/v2\/types\/page"}],"author":[{"embeddable":true,"href":"https:\/\/vishnuglobal.org\/index.php?rest_route=\/wp\/v2\/users\/1"}],"replies":[{"embeddable":true,"href":"https:\/\/vishnuglobal.org\/index.php?rest_route=%2Fwp%2Fv2%2Fcomments&post=987508408"}],"version-history":[{"count":3,"href":"https:\/\/vishnuglobal.org\/index.php?rest_route=\/wp\/v2\/pages\/987508408\/revisions"}],"predecessor-version":[{"id":987508418,"href":"https:\/\/vishnuglobal.org\/index.php?rest_route=\/wp\/v2\/pages\/987508408\/revisions\/987508418"}],"wp:attachment":[{"href":"https:\/\/vishnuglobal.org\/index.php?rest_route=%2Fwp%2Fv2%2Fmedia&parent=987508408"}],"curies":[{"name":"wp","href":"https:\/\/api.w.org\/{rel}","templated":true}]}}